{"id":1475,"date":"2018-10-26T15:42:21","date_gmt":"2018-10-26T13:42:21","guid":{"rendered":"https:\/\/smcp-2018.preprod.octaveoctave.com\/?page_id=1475"},"modified":"2026-02-05T19:04:56","modified_gmt":"2026-02-05T18:04:56","slug":"maje","status":"publish","type":"page","link":"https:\/\/www.smcp.com\/fr\/marques\/maje\/","title":{"rendered":"Maje"},"content":{"rendered":"<p><span class=\"TextRun BCX0 SCXW76038011\" lang=\"FR-FR\" xml:lang=\"FR-FR\" data-contrast=\"auto\"><span class=\"NormalTextRun BCX0 SCXW76038011\">Cet \u00e9t\u00e9, petit l\u00e2chage sous forme de road-trip en Floride. Au programme de la Collection Spring-Summer 2020 de Maje, Miami Beach, Les Everglades, Orlando et Key West. Beaucoup de soir\u00e9es, beaucoup de piscines, beaucoup de soir\u00e9es pr\u00e8s des piscines,\u00a0<\/span><\/span><span class=\"TextRun BCX0 SCXW76038011\" lang=\"FR-FR\" xml:lang=\"FR-FR\" data-contrast=\"auto\"><span class=\"SpellingError BCX0 SCXW76038011\">mood<\/span><\/span><span class=\"TextRun BCX0 SCXW76038011\" lang=\"FR-FR\" xml:lang=\"FR-FR\" data-contrast=\"auto\"><span class=\"NormalTextRun BCX0 SCXW76038011\">\u00a0Slim\u00a0<\/span><\/span><span class=\"TextRun BCX0 SCXW76038011\" lang=\"FR-FR\" xml:lang=\"FR-FR\" data-contrast=\"auto\"><span class=\"SpellingError BCX0 SCXW76038011\">Aarons<\/span><\/span><span class=\"TextRun BCX0 SCXW76038011\" lang=\"FR-FR\" xml:lang=\"FR-FR\" data-contrast=\"auto\"><span class=\"NormalTextRun BCX0 SCXW76038011\">. Rien ne laisse deviner qu\u2019on rentrera un jour, si ce n\u2019est qu\u2019ici\u00a0<\/span><\/span><span class=\"TextRun BCX0 SCXW76038011\" lang=\"FR-FR\" xml:lang=\"FR-FR\" data-contrast=\"auto\"><span class=\"ContextualSpellingAndGrammarError BCX0 SCXW76038011\">c\u2019est pas<\/span><\/span><span class=\"TextRun BCX0 SCXW76038011\" lang=\"FR-FR\" xml:lang=\"FR-FR\" data-contrast=\"auto\"><span class=\"NormalTextRun BCX0 SCXW76038011\">\u00a0Paris.<\/span><\/span><span class=\"EOP BCX0 SCXW76038011\" data-ccp-props=\"{&quot;201341983&quot;:0,&quot;335551550&quot;:6,&quot;335551620&quot;:6,&quot;335559739&quot;:160,&quot;335559740&quot;:259}\">\u00a0<\/span><\/p>\n","protected":false},"excerpt":{"rendered":"<p>Cet \u00e9t\u00e9, petit l\u00e2chage sous forme de road-trip en Floride. Au programme de la Collection Spring-Summer 2020 de Maje, Miami Beach, Les Everglades, Orlando et Key West. Beaucoup de soir\u00e9es, beaucoup de piscines, beaucoup de soir\u00e9es pr\u00e8s des piscines,\u00a0mood\u00a0Slim\u00a0Aarons. Rien ne laisse deviner qu\u2019on rentrera un jour, si ce n\u2019est qu\u2019ici\u00a0c\u2019est pas\u00a0Paris.\u00a0<\/p>\n","protected":false},"author":20,"featured_media":0,"parent":89,"menu_order":2,"comment_status":"closed","ping_status":"closed","template":"page_marque.php","meta":{"_acf_changed":false,"footnotes":""},"class_list":["post-1475","page","type-page","status-publish","hentry"],"acf":[],"yoast_head":"<!-- This site is optimized with the Yoast SEO plugin v27.0 - https:\/\/yoast.com\/product\/yoast-seo-wordpress\/ -->\n<title>Maje - SMCP<\/title>\n<meta name=\"robots\" content=\"index, follow, max-snippet:-1, max-image-preview:large, max-video-preview:-1\" \/>\n<link rel=\"canonical\" href=\"https:\/\/www.smcp.com\/fr\/marques\/maje\/\" \/>\n<meta property=\"og:locale\" content=\"fr_FR\" \/>\n<meta property=\"og:type\" content=\"article\" \/>\n<meta property=\"og:title\" content=\"Maje - SMCP\" \/>\n<meta property=\"og:description\" content=\"Cet \u00e9t\u00e9, petit l\u00e2chage sous forme de road-trip en Floride. Au programme de la Collection Spring-Summer 2020 de Maje, Miami Beach, Les Everglades, Orlando et Key West. Beaucoup de soir\u00e9es, beaucoup de piscines, beaucoup de soir\u00e9es pr\u00e8s des piscines,\u00a0mood\u00a0Slim\u00a0Aarons. Rien ne laisse deviner qu\u2019on rentrera un jour, si ce n\u2019est qu\u2019ici\u00a0c\u2019est pas\u00a0Paris.\u00a0\" \/>\n<meta property=\"og:url\" content=\"https:\/\/www.smcp.com\/fr\/marques\/maje\/\" \/>\n<meta property=\"og:site_name\" content=\"SMCP\" \/>\n<meta property=\"article:modified_time\" content=\"2026-02-05T18:04:56+00:00\" \/>\n<meta name=\"twitter:card\" content=\"summary_large_image\" \/>\n<meta name=\"twitter:label1\" content=\"Est. reading time\" \/>\n\t<meta name=\"twitter:data1\" content=\"1 minute\" \/>\n<script type=\"application\/ld+json\" class=\"yoast-schema-graph\">{\"@context\":\"https:\/\/schema.org\",\"@graph\":[{\"@type\":\"WebPage\",\"@id\":\"https:\/\/www.smcp.com\/fr\/marques\/maje\/\",\"url\":\"https:\/\/www.smcp.com\/fr\/marques\/maje\/\",\"name\":\"Maje - SMCP\",\"isPartOf\":{\"@id\":\"https:\/\/www.smcp.com\/en\/#website\"},\"datePublished\":\"2018-10-26T13:42:21+00:00\",\"dateModified\":\"2026-02-05T18:04:56+00:00\",\"breadcrumb\":{\"@id\":\"https:\/\/www.smcp.com\/fr\/marques\/maje\/#breadcrumb\"},\"inLanguage\":\"fr-FR\",\"potentialAction\":[{\"@type\":\"ReadAction\",\"target\":[\"https:\/\/www.smcp.com\/fr\/marques\/maje\/\"]}]},{\"@type\":\"BreadcrumbList\",\"@id\":\"https:\/\/www.smcp.com\/fr\/marques\/maje\/#breadcrumb\",\"itemListElement\":[{\"@type\":\"ListItem\",\"position\":1,\"name\":\"Home\",\"item\":\"https:\/\/www.smcp.com\/fr\/\"},{\"@type\":\"ListItem\",\"position\":2,\"name\":\"Marques\",\"item\":\"https:\/\/www.smcp.com\/fr\/marques\/\"},{\"@type\":\"ListItem\",\"position\":3,\"name\":\"Maje\"}]},{\"@type\":\"WebSite\",\"@id\":\"https:\/\/www.smcp.com\/en\/#website\",\"url\":\"https:\/\/www.smcp.com\/en\/\",\"name\":\"SMCP\",\"description\":\"\",\"potentialAction\":[{\"@type\":\"SearchAction\",\"target\":{\"@type\":\"EntryPoint\",\"urlTemplate\":\"https:\/\/www.smcp.com\/en\/?s={search_term_string}\"},\"query-input\":{\"@type\":\"PropertyValueSpecification\",\"valueRequired\":true,\"valueName\":\"search_term_string\"}}],\"inLanguage\":\"fr-FR\"}]}<\/script>\n<!-- \/ Yoast SEO plugin. -->","yoast_head_json":{"title":"Maje - SMCP","robots":{"index":"index","follow":"follow","max-snippet":"max-snippet:-1","max-image-preview":"max-image-preview:large","max-video-preview":"max-video-preview:-1"},"canonical":"https:\/\/www.smcp.com\/fr\/marques\/maje\/","og_locale":"fr_FR","og_type":"article","og_title":"Maje - SMCP","og_description":"Cet \u00e9t\u00e9, petit l\u00e2chage sous forme de road-trip en Floride. Au programme de la Collection Spring-Summer 2020 de Maje, Miami Beach, Les Everglades, Orlando et Key West. Beaucoup de soir\u00e9es, beaucoup de piscines, beaucoup de soir\u00e9es pr\u00e8s des piscines,\u00a0mood\u00a0Slim\u00a0Aarons. Rien ne laisse deviner qu\u2019on rentrera un jour, si ce n\u2019est qu\u2019ici\u00a0c\u2019est pas\u00a0Paris.\u00a0","og_url":"https:\/\/www.smcp.com\/fr\/marques\/maje\/","og_site_name":"SMCP","article_modified_time":"2026-02-05T18:04:56+00:00","twitter_card":"summary_large_image","twitter_misc":{"Est. reading time":"1 minute"},"schema":{"@context":"https:\/\/schema.org","@graph":[{"@type":"WebPage","@id":"https:\/\/www.smcp.com\/fr\/marques\/maje\/","url":"https:\/\/www.smcp.com\/fr\/marques\/maje\/","name":"Maje - SMCP","isPartOf":{"@id":"https:\/\/www.smcp.com\/en\/#website"},"datePublished":"2018-10-26T13:42:21+00:00","dateModified":"2026-02-05T18:04:56+00:00","breadcrumb":{"@id":"https:\/\/www.smcp.com\/fr\/marques\/maje\/#breadcrumb"},"inLanguage":"fr-FR","potentialAction":[{"@type":"ReadAction","target":["https:\/\/www.smcp.com\/fr\/marques\/maje\/"]}]},{"@type":"BreadcrumbList","@id":"https:\/\/www.smcp.com\/fr\/marques\/maje\/#breadcrumb","itemListElement":[{"@type":"ListItem","position":1,"name":"Home","item":"https:\/\/www.smcp.com\/fr\/"},{"@type":"ListItem","position":2,"name":"Marques","item":"https:\/\/www.smcp.com\/fr\/marques\/"},{"@type":"ListItem","position":3,"name":"Maje"}]},{"@type":"WebSite","@id":"https:\/\/www.smcp.com\/en\/#website","url":"https:\/\/www.smcp.com\/en\/","name":"SMCP","description":"","potentialAction":[{"@type":"SearchAction","target":{"@type":"EntryPoint","urlTemplate":"https:\/\/www.smcp.com\/en\/?s={search_term_string}"},"query-input":{"@type":"PropertyValueSpecification","valueRequired":true,"valueName":"search_term_string"}}],"inLanguage":"fr-FR"}]}},"_links":{"self":[{"href":"https:\/\/www.smcp.com\/fr\/wp-json\/wp\/v2\/pages\/1475","targetHints":{"allow":["GET"]}}],"collection":[{"href":"https:\/\/www.smcp.com\/fr\/wp-json\/wp\/v2\/pages"}],"about":[{"href":"https:\/\/www.smcp.com\/fr\/wp-json\/wp\/v2\/types\/page"}],"author":[{"embeddable":true,"href":"https:\/\/www.smcp.com\/fr\/wp-json\/wp\/v2\/users\/20"}],"replies":[{"embeddable":true,"href":"https:\/\/www.smcp.com\/fr\/wp-json\/wp\/v2\/comments?post=1475"}],"version-history":[{"count":6,"href":"https:\/\/www.smcp.com\/fr\/wp-json\/wp\/v2\/pages\/1475\/revisions"}],"predecessor-version":[{"id":31759,"href":"https:\/\/www.smcp.com\/fr\/wp-json\/wp\/v2\/pages\/1475\/revisions\/31759"}],"up":[{"embeddable":true,"href":"https:\/\/www.smcp.com\/fr\/wp-json\/wp\/v2\/pages\/89"}],"wp:attachment":[{"href":"https:\/\/www.smcp.com\/fr\/wp-json\/wp\/v2\/media?parent=1475"}],"curies":[{"name":"wp","href":"https:\/\/api.w.org\/{rel}","templated":true}]}}